{"id":1308,"date":"2025-04-11T11:55:46","date_gmt":"2025-04-11T11:55:46","guid":{"rendered":"https:\/\/www.friendly-ellis.212-227-170-25.plesk.page\/index.php\/product\/default_gift_this_product\/"},"modified":"2025-08-08T10:35:21","modified_gmt":"2025-08-08T10:35:21","slug":"default_gift_this_product","status":"publish","type":"product","link":"https:\/\/www.friendly-ellis.212-227-170-25.plesk.page\/index.php\/product\/default_gift_this_product\/","title":{"rendered":"Offrir ce produit"},"content":{"rendered":"<p>Ce produit a \u00e9t\u00e9 cr\u00e9e automatiquement par le plugin YITH Gift Cards. Vous ne devez pas le modifier car le plugin pourrait ne plus fonctionner<\/p>\n","protected":false},"excerpt":{"rendered":"<p>Ce produit a \u00e9t\u00e9 cr\u00e9e automatiquement par le plugin YITH Gift Cards. Vous ne devez pas le modifier car le plugin pourrait ne plus fonctionner<\/p>\n","protected":false},"featured_media":0,"comment_status":"closed","ping_status":"closed","template":"","meta":[],"product_brand":[],"product_cat":[150],"product_tag":[],"giftcard-category":[],"class_list":{"0":"post-1308","1":"product","2":"type-product","3":"status-publish","5":"product_cat-wps_wgm_giftcard","7":"first","8":"instock","9":"virtual","10":"purchasable","11":"product-type-gift-card"},"_links":{"self":[{"href":"https:\/\/www.friendly-ellis.212-227-170-25.plesk.page\/index.php\/wp-json\/wp\/v2\/product\/1308","targetHints":{"allow":["GET"]}}],"collection":[{"href":"https:\/\/www.friendly-ellis.212-227-170-25.plesk.page\/index.php\/wp-json\/wp\/v2\/product"}],"about":[{"href":"https:\/\/www.friendly-ellis.212-227-170-25.plesk.page\/index.php\/wp-json\/wp\/v2\/types\/product"}],"replies":[{"embeddable":true,"href":"https:\/\/www.friendly-ellis.212-227-170-25.plesk.page\/index.php\/wp-json\/wp\/v2\/comments?post=1308"}],"wp:attachment":[{"href":"https:\/\/www.friendly-ellis.212-227-170-25.plesk.page\/index.php\/wp-json\/wp\/v2\/media?parent=1308"}],"wp:term":[{"taxonomy":"product_brand","embeddable":true,"href":"https:\/\/www.friendly-ellis.212-227-170-25.plesk.page\/index.php\/wp-json\/wp\/v2\/product_brand?post=1308"},{"taxonomy":"product_cat","embeddable":true,"href":"https:\/\/www.friendly-ellis.212-227-170-25.plesk.page\/index.php\/wp-json\/wp\/v2\/product_cat?post=1308"},{"taxonomy":"product_tag","embeddable":true,"href":"https:\/\/www.friendly-ellis.212-227-170-25.plesk.page\/index.php\/wp-json\/wp\/v2\/product_tag?post=1308"},{"taxonomy":"giftcard-category","embeddable":true,"href":"https:\/\/www.friendly-ellis.212-227-170-25.plesk.page\/index.php\/wp-json\/wp\/v2\/giftcard-category?post=1308"}],"curies":[{"name":"wp","href":"https:\/\/api.w.org\/{rel}","templated":true}]}}