{"id":2160,"date":"2025-05-20T09:54:38","date_gmt":"2025-05-20T09:54:38","guid":{"rendered":"https:\/\/www.friendly-ellis.212-227-170-25.plesk.page\/?page_id=2160"},"modified":"2025-08-11T09:52:22","modified_gmt":"2025-08-11T09:52:22","slug":"au-depart-de","status":"publish","type":"page","link":"https:\/\/www.friendly-ellis.212-227-170-25.plesk.page\/index.php\/au-depart-de\/","title":{"rendered":"Au d\u00e9part de"},"content":{"rendered":"\t\t<div data-elementor-type=\"wp-page\" data-elementor-id=\"2160\" class=\"elementor elementor-2160\" data-elementor-post-type=\"page\">\n\t\t\t\t\t\t<section class=\"elementor-section elementor-top-section elementor-element elementor-element-7f1e7baf elementor-section-boxed elementor-section-height-default elementor-section-height-default row-top wpr-particle-no wpr-jarallax-no wpr-parallax-no wpr-sticky-section-no\" data-id=\"7f1e7baf\" data-element_type=\"section\" data-settings=\"{&quot;background_background&quot;:&quot;slideshow&quot;,&quot;background_slideshow_gallery&quot;:[{&quot;id&quot;:614,&quot;url&quot;:&quot;https:\\\/\\\/gaviaspreview.com\\\/wp\\\/tevily\\\/wp-content\\\/uploads\\\/2020\\\/12\\\/slider-1.jpg&quot;},{&quot;id&quot;:1011,&quot;url&quot;:&quot;https:\\\/\\\/gaviaspreview.com\\\/wp\\\/tevily\\\/wp-content\\\/uploads\\\/2021\\\/10\\\/slider-5.jpg&quot;}],&quot;background_slideshow_loop&quot;:&quot;yes&quot;,&quot;background_slideshow_slide_duration&quot;:5000,&quot;background_slideshow_slide_transition&quot;:&quot;fade&quot;,&quot;background_slideshow_transition_duration&quot;:500}\">\n\t\t\t\t\t\t<div class=\"elementor-container elementor-column-gap-default\">\n\t\t\t\t\t<div class=\"elementor-column elementor-col-100 elementor-top-column elementor-element elementor-element-4bfafdcd\" data-id=\"4bfafdcd\" data-element_type=\"column\">\n\t\t\t<div class=\"elementor-widget-wrap elementor-element-populated\">\n\t\t\t\t\t\t<div class=\"elementor-element elementor-element-752ec71b elementor-widget elementor-widget-gva-heading-block\" data-id=\"752ec71b\" data-element_type=\"widget\" data-widget_type=\"gva-heading-block.default\">\n\t\t\t\t<div class=\"elementor-widget-container\">\n\t\t\t\t\t<div class=\"gva-element-gva-heading-block gva-element\">   <div class=\"align-left style-1 widget gsc-heading box-align-left auto-responsive\">\r\n      <div class=\"content-inner\">\r\n         \r\n                  \r\n           \r\n         \r\n                     <h2 class=\"title\">\r\n               <span>Destination<\/span>\r\n            <\/h2>\r\n                  \r\n         \r\n      <\/div>\r\n   <\/div>\r\n<\/div>\t\t\t\t<\/div>\n\t\t\t\t<\/div>\n\t\t\t\t\t<\/div>\n\t\t<\/div>\n\t\t\t\t\t<\/div>\n\t\t<\/section>\n\t\t<div class=\"elementor-element elementor-element-19d6b65 e-flex e-con-boxed wpr-particle-no wpr-jarallax-no wpr-parallax-no wpr-sticky-section-no e-con e-parent\" data-id=\"19d6b65\" data-element_type=\"container\">\n\t\t\t\t\t<div class=\"e-con-inner\">\n\t\t\t\t\t<\/div>\n\t\t\t\t<\/div>\n\t\t\t\t<section class=\"elementor-section elementor-top-section elementor-element elementor-element-435bba00 elementor-section-boxed elementor-section-height-default elementor-section-height-default row-top wpr-particle-no wpr-jarallax-no wpr-parallax-no wpr-sticky-section-no\" data-id=\"435bba00\" data-element_type=\"section\" data-settings=\"{&quot;background_background&quot;:&quot;classic&quot;}\">\n\t\t\t\t\t\t<div class=\"elementor-container elementor-column-gap-default\">\n\t\t\t\t\t<div class=\"elementor-column elementor-col-50 elementor-top-column elementor-element elementor-element-2d16fa72\" data-id=\"2d16fa72\" data-element_type=\"column\">\n\t\t\t<div class=\"elementor-widget-wrap elementor-element-populated\">\n\t\t\t\t\t\t<div class=\"elementor-element elementor-element-a41d190 animated-fast elementor-invisible elementor-widget elementor-widget-gva-heading-block\" data-id=\"a41d190\" data-element_type=\"widget\" data-settings=\"{&quot;_animation&quot;:&quot;fadeInUp&quot;}\" data-widget_type=\"gva-heading-block.default\">\n\t\t\t\t<div class=\"elementor-widget-container\">\n\t\t\t\t\t<div class=\"gva-element-gva-heading-block gva-element\">   <div class=\"align-left style-1 widget gsc-heading box-align-left auto-responsive\">\r\n      <div class=\"content-inner\">\r\n         \r\n                  \r\n                     <div class=\"sub-title\"><span>Berger voyages <\/span><\/div>\r\n           \r\n         \r\n                     <h2 class=\"title\">\r\n               <span>Points de prise en charge Haute-Loire & Puy de d\u00f4me<\/span>\r\n            <\/h2>\r\n                              <div class=\"title-desc\">Pour tous les voyages, les d\u00e9parts sont\nassur\u00e9s de :\n<\/div>\r\n         \r\n         \r\n      <\/div>\r\n   <\/div>\r\n<\/div>\t\t\t\t<\/div>\n\t\t\t\t<\/div>\n\t\t\t\t<div class=\"elementor-element elementor-element-60f21e0 elementor-widget elementor-widget-text-editor\" data-id=\"60f21e0\" data-element_type=\"widget\" data-widget_type=\"text-editor.default\">\n\t\t\t\t<div class=\"elementor-widget-container\">\n\t\t\t\t\t\t\t\t\t<div class=\"departures\">\n  <h3>D\u00e9parts assur\u00e9s syst\u00e9matiquement :<\/h3>\n  <ul>\n    <li><strong>Saint-Paulien<\/strong> \u2013 garage Berger<\/li>\n    <li><strong>Le Puy-en-Velay<\/strong> \u2013 place Michelet<\/li>\n    <li><strong>Vals pr\u00e8s le Puy<\/strong> \u2013 parking Centre Culturel<\/li>\n    <li><strong>Ambert<\/strong> \u2013 gare SNCF<\/li>\n  <\/ul>\n\n  <h3>D\u00e9parts en fonction du parcours du voyage :<\/h3>\n  <ul>\n    <li><strong>Brioude<\/strong> \u2013 rond-point Lamothe<\/li>\n    <li><strong>Yssingeaux<\/strong> \u2013 Super U (Pompes \u00e0 essence)<\/li>\n    <li><strong>Monistrol-sur-Loire<\/strong> \u2013 aire de covoiturage du Mazel<\/li>\n    <li><strong>Saint-Etienne<\/strong> \u2013 rond-point Quick<\/li>\n  <\/ul>\n<\/div>\n\t\t\t\t\t\t\t\t<\/div>\n\t\t\t\t<\/div>\n\t\t\t\t\t<\/div>\n\t\t<\/div>\n\t\t\t\t<div class=\"elementor-column elementor-col-50 elementor-top-column elementor-element elementor-element-5691550\" data-id=\"5691550\" data-element_type=\"column\">\n\t\t\t<div class=\"elementor-widget-wrap elementor-element-populated\">\n\t\t\t\t\t\t<div class=\"elementor-element elementor-element-610176da elementor-invisible elementor-widget elementor-widget-gva-image-content\" data-id=\"610176da\" data-element_type=\"widget\" data-settings=\"{&quot;_animation&quot;:&quot;bounceIn&quot;}\" data-widget_type=\"gva-image-content.default\">\n\t\t\t\t<div class=\"elementor-widget-container\">\n\t\t\t\t\t<div class=\"gva-element-gva-image-content gva-element\">\t\t\r\n\t\t\t<div class=\"gsc-image-content skin-v1\">\r\n\t\t  \r\n\t\t \t\t\t\t\t<div class=\"image\">\r\n\t\t\t\t\t<img fetchpriority=\"high\" decoding=\"async\" width=\"624\" height=\"579\" src=\"https:\/\/www.friendly-ellis.212-227-170-25.plesk.page\/wp-content\/uploads\/2021\/09\/image-6.jpg\" class=\"attachment-full size-full wp-image-918\" alt=\"\" \/>\t\t\t\t<\/div>\r\n\t\t \t\r\n\t\t\t\t\t\t\t<div class=\"box-content\">\r\n\t\t\t\t\t<div class=\"sub-title\">100% <\/div><h2 class=\"title\"><span>Decouverte <\/span><\/h2>   \r\n\t\t\t\t<\/div>\r\n\t\t\t\r\n\t\t\t\t\t\t\r\n\t\t\t<div class=\"icon_box_content\">\r\n\t\t\t\t<div class=\"content-inner\">\r\n\t\t\t\t\t\t\t\t\t\t\t<div class=\"ib-icon\">\r\n\t                  <i aria-hidden=\"true\" class=\" flaticon-phone-ringing\"><\/i>\t               <\/div>\r\n\t\t\t\t\t\t\t\t\t\t<div class=\"ib-content\">\r\n\t\t\t\t\t\t\t\t\t\t\t\t\t<h3 class=\"title\">Une question? Appeler notre service au <\/h3>\r\n\t\t\t\t\t\t\t\t\t\t\t\t\t\t\t\t\t\t\t<div class=\"desc\"> 04.71.00.49.11<\/div>\r\n\t\t\t\t\t\t\t\t\t\t\t<\/div>\r\n\t\t\t\t<\/div>\r\n\t\t\t<\/div>\r\n\r\n\t\t\t\t\t  <a href=\"https:\/\/gaviaspreview.com\/wp\/tevily\/tours-page\/\" class=\"link-overlay\"><\/a>\r\n\t\t  \t\t<\/div>\r\n\t  \r\n\t \r\n\r\n\t \r\n\r\n\t\r\n \r\n\r\n  \r\n\r\n \r\n\r\n <\/div>\t\t\t\t<\/div>\n\t\t\t\t<\/div>\n\t\t\t\t<div class=\"elementor-element elementor-element-1677a7aa animated-fast elementor-invisible elementor-widget elementor-widget-html\" data-id=\"1677a7aa\" data-element_type=\"widget\" data-settings=\"{&quot;_animation&quot;:&quot;fadeInRight&quot;}\" data-widget_type=\"html.default\">\n\t\t\t\t<div class=\"elementor-widget-container\">\n\t\t\t\t\t<a href=\"https:\/\/gaviaspreview.com\/wp\/tevily\/tours-page\/\" class=\"btn-theme\">\nT\u00e9l\u00e9charger notre brochure \n<\/a>\t\t\t\t<\/div>\n\t\t\t\t<\/div>\n\t\t\t\t\t<\/div>\n\t\t<\/div>\n\t\t\t\t\t<\/div>\n\t\t<\/section>\n\t\t<div class=\"elementor-element elementor-element-9ae4305 e-flex e-con-boxed wpr-particle-no wpr-jarallax-no wpr-parallax-no wpr-sticky-section-no e-con e-parent\" data-id=\"9ae4305\" data-element_type=\"container\">\n\t\t\t\t\t<div class=\"e-con-inner\">\n\t\t\t\t\t<\/div>\n\t\t\t\t<\/div>\n\t\t\t\t<section class=\"elementor-section elementor-top-section elementor-element elementor-element-dee0557 elementor-section-boxed elementor-section-height-default elementor-section-height-default row-top wpr-particle-no wpr-jarallax-no wpr-parallax-no wpr-sticky-section-no\" data-id=\"dee0557\" data-element_type=\"section\" data-settings=\"{&quot;background_background&quot;:&quot;classic&quot;}\">\n\t\t\t\t\t\t<div class=\"elementor-container elementor-column-gap-default\">\n\t\t\t\t\t<div class=\"elementor-column elementor-col-50 elementor-top-column elementor-element elementor-element-ab2df61\" data-id=\"ab2df61\" data-element_type=\"column\">\n\t\t\t<div class=\"elementor-widget-wrap elementor-element-populated\">\n\t\t\t\t\t\t<div class=\"elementor-element elementor-element-5865c05 elementor-invisible elementor-widget elementor-widget-gva-image-content\" data-id=\"5865c05\" data-element_type=\"widget\" data-settings=\"{&quot;_animation&quot;:&quot;bounceIn&quot;}\" data-widget_type=\"gva-image-content.default\">\n\t\t\t\t<div class=\"elementor-widget-container\">\n\t\t\t\t\t<div class=\"gva-element-gva-image-content gva-element\">\t\t\r\n\t\t\t<div class=\"gsc-image-content skin-v1\">\r\n\t\t  \r\n\t\t \t\t\t\t\t<div class=\"image\">\r\n\t\t\t\t\t<img fetchpriority=\"high\" decoding=\"async\" width=\"624\" height=\"579\" src=\"https:\/\/www.friendly-ellis.212-227-170-25.plesk.page\/wp-content\/uploads\/2021\/09\/image-6.jpg\" class=\"attachment-full size-full wp-image-918\" alt=\"\" \/>\t\t\t\t<\/div>\r\n\t\t \t\r\n\t\t\t\t\t\t\t<div class=\"box-content\">\r\n\t\t\t\t\t<div class=\"sub-title\">100% <\/div><h2 class=\"title\"><span>Decouverte <\/span><\/h2>   \r\n\t\t\t\t<\/div>\r\n\t\t\t\r\n\t\t\t\t\t\t\r\n\t\t\t<div class=\"icon_box_content\">\r\n\t\t\t\t<div class=\"content-inner\">\r\n\t\t\t\t\t\t\t\t\t\t\t<div class=\"ib-icon\">\r\n\t                  <i aria-hidden=\"true\" class=\" flaticon-phone-ringing\"><\/i>\t               <\/div>\r\n\t\t\t\t\t\t\t\t\t\t<div class=\"ib-content\">\r\n\t\t\t\t\t\t\t\t\t\t\t\t\t<h3 class=\"title\">Une question? Appeler notre service au <\/h3>\r\n\t\t\t\t\t\t\t\t\t\t\t\t\t\t\t\t\t\t\t<div class=\"desc\"> 04.71.00.49.11<\/div>\r\n\t\t\t\t\t\t\t\t\t\t\t<\/div>\r\n\t\t\t\t<\/div>\r\n\t\t\t<\/div>\r\n\r\n\t\t\t\t\t  <a href=\"https:\/\/gaviaspreview.com\/wp\/tevily\/tours-page\/\" class=\"link-overlay\"><\/a>\r\n\t\t  \t\t<\/div>\r\n\t  \r\n\t \r\n\r\n\t \r\n\r\n\t\r\n \r\n\r\n  \r\n\r\n \r\n\r\n <\/div>\t\t\t\t<\/div>\n\t\t\t\t<\/div>\n\t\t\t\t\t<\/div>\n\t\t<\/div>\n\t\t\t\t<div class=\"elementor-column elementor-col-50 elementor-top-column elementor-element elementor-element-162389c\" data-id=\"162389c\" data-element_type=\"column\">\n\t\t\t<div class=\"elementor-widget-wrap elementor-element-populated\">\n\t\t\t\t\t\t<div class=\"elementor-element elementor-element-16e950b animated-fast elementor-invisible elementor-widget elementor-widget-gva-heading-block\" data-id=\"16e950b\" data-element_type=\"widget\" data-settings=\"{&quot;_animation&quot;:&quot;fadeInUp&quot;}\" data-widget_type=\"gva-heading-block.default\">\n\t\t\t\t<div class=\"elementor-widget-container\">\n\t\t\t\t\t<div class=\"gva-element-gva-heading-block gva-element\">   <div class=\"align-left style-1 widget gsc-heading box-align-left auto-responsive\">\r\n      <div class=\"content-inner\">\r\n         \r\n                  \r\n                     <div class=\"sub-title\"><span>Berger voyages <\/span><\/div>\r\n           \r\n         \r\n                     <h2 class=\"title\">\r\n               <span>Points de prise en charge hors d\u00e9partement<\/span>\r\n            <\/h2>\r\n                              <div class=\"title-desc\">R\u00e9f\u00e9rez-vous au code couleur indiqu\u00e9 sur chaque voyage pour conna\u00eetre l\u2019itin\u00e9raire\nqu\u2019empruntera l\u2019autocar.<\/div>\r\n         \r\n         \r\n      <\/div>\r\n   <\/div>\r\n<\/div>\t\t\t\t<\/div>\n\t\t\t\t<\/div>\n\t\t\t\t<div class=\"elementor-element elementor-element-4b2c40c animated-fast elementor-align-left elementor-icon-list--layout-traditional elementor-list-item-link-full_width elementor-invisible elementor-widget elementor-widget-icon-list\" data-id=\"4b2c40c\" data-element_type=\"widget\" data-settings=\"{&quot;_animation&quot;:&quot;fadeInUp&quot;}\" data-widget_type=\"icon-list.default\">\n\t\t\t\t<div class=\"elementor-widget-container\">\n\t\t\t\t\t\t\t<ul class=\"elementor-icon-list-items\">\n\t\t\t\t\t\t\t<li class=\"elementor-icon-list-item\">\n\t\t\t\t\t\t\t\t\t\t\t<span class=\"elementor-icon-list-icon\">\n\t\t\t\t\t\t\t<i aria-hidden=\"true\" class=\"fas fa-check-circle\"><\/i>\t\t\t\t\t\t<\/span>\n\t\t\t\t\t\t\t\t\t\t<span class=\"elementor-icon-list-text\">LYON (p\u00e9riph\u00e9rie) : \u00c0 partir de +55\u20ac<\/span>\n\t\t\t\t\t\t\t\t\t<\/li>\n\t\t\t\t\t\t\t\t<li class=\"elementor-icon-list-item\">\n\t\t\t\t\t\t\t\t\t\t\t<span class=\"elementor-icon-list-icon\">\n\t\t\t\t\t\t\t<i aria-hidden=\"true\" class=\"fas fa-check-circle\"><\/i>\t\t\t\t\t\t<\/span>\n\t\t\t\t\t\t\t\t\t\t<span class=\"elementor-icon-list-text\">SAINT-ETIENNE (Rond-Point Quick Cours Fauriel) : \u00c0 partir de +35\u20ac<\/span>\n\t\t\t\t\t\t\t\t\t<\/li>\n\t\t\t\t\t\t\t\t<li class=\"elementor-icon-list-item\">\n\t\t\t\t\t\t\t\t\t\t\t<span class=\"elementor-icon-list-icon\">\n\t\t\t\t\t\t\t<i aria-hidden=\"true\" class=\"fas fa-check-circle\"><\/i>\t\t\t\t\t\t<\/span>\n\t\t\t\t\t\t\t\t\t\t<span class=\"elementor-icon-list-text\"> CLERMONT-FERRAND (Gare SNCF) : \u00c0 partir de + 55\u20ac \/ THIERS (Parking CARREFOUR) + 55\u20ac<\/span>\n\t\t\t\t\t\t\t\t\t<\/li>\n\t\t\t\t\t\t\t\t<li class=\"elementor-icon-list-item\">\n\t\t\t\t\t\t\t\t\t\t\t<span class=\"elementor-icon-list-icon\">\n\t\t\t\t\t\t\t<i aria-hidden=\"true\" class=\"fas fa-check-circle\"><\/i>\t\t\t\t\t\t<\/span>\n\t\t\t\t\t\t\t\t\t\t<span class=\"elementor-icon-list-text\">MENDE (Aire Covoiturage de Banassac) : \u00c0 partir de + 50\u20ac qui n\u00e9cessite un minimum de 10 participants.<\/span>\n\t\t\t\t\t\t\t\t\t<\/li>\n\t\t\t\t\t\t\t\t<li class=\"elementor-icon-list-item\">\n\t\t\t\t\t\t\t\t\t\t<span class=\"elementor-icon-list-text\">Nous pouvons \u00e9tudier toute autre demande de prise en charge selon le nombre de participants<\/span>\n\t\t\t\t\t\t\t\t\t<\/li>\n\t\t\t\t\t\t<\/ul>\n\t\t\t\t\t\t<\/div>\n\t\t\t\t<\/div>\n\t\t\t\t\t<\/div>\n\t\t<\/div>\n\t\t\t\t\t<\/div>\n\t\t<\/section>\n\t\t\t\t<section class=\"elementor-section elementor-top-section elementor-element elementor-element-ac29d02 elementor-section-boxed elementor-section-height-default elementor-section-height-default row-top wpr-particle-no wpr-jarallax-no wpr-parallax-no wpr-sticky-section-no\" data-id=\"ac29d02\" data-element_type=\"section\" data-settings=\"{&quot;background_background&quot;:&quot;classic&quot;}\">\n\t\t\t\t\t\t<div class=\"elementor-container elementor-column-gap-default\">\n\t\t\t\t\t<div class=\"elementor-column elementor-col-50 elementor-top-column elementor-element elementor-element-41a0acd4\" data-id=\"41a0acd4\" data-element_type=\"column\">\n\t\t\t<div class=\"elementor-widget-wrap elementor-element-populated\">\n\t\t\t\t\t\t<div class=\"elementor-element elementor-element-2699a17d elementor-invisible elementor-widget elementor-widget-gva-image-content\" data-id=\"2699a17d\" data-element_type=\"widget\" data-settings=\"{&quot;_animation&quot;:&quot;bounceIn&quot;}\" data-widget_type=\"gva-image-content.default\">\n\t\t\t\t<div class=\"elementor-widget-container\">\n\t\t\t\t\t<div class=\"gva-element-gva-image-content gva-element\">\t\t\r\n\t\t\t<div class=\"gsc-image-content skin-v1\">\r\n\t\t  \r\n\t\t \t\t\t\t\t<div class=\"image\">\r\n\t\t\t\t\t<img fetchpriority=\"high\" decoding=\"async\" width=\"624\" height=\"579\" src=\"https:\/\/www.friendly-ellis.212-227-170-25.plesk.page\/wp-content\/uploads\/2021\/09\/image-6.jpg\" class=\"attachment-full size-full wp-image-918\" alt=\"\" \/>\t\t\t\t<\/div>\r\n\t\t \t\r\n\t\t\t\t\t\t\t<div class=\"box-content\">\r\n\t\t\t\t\t<div class=\"sub-title\">100% <\/div><h2 class=\"title\"><span>Decouverte <\/span><\/h2>   \r\n\t\t\t\t<\/div>\r\n\t\t\t\r\n\t\t\t\t\t\t\r\n\t\t\t<div class=\"icon_box_content\">\r\n\t\t\t\t<div class=\"content-inner\">\r\n\t\t\t\t\t\t\t\t\t\t\t<div class=\"ib-icon\">\r\n\t                  <i aria-hidden=\"true\" class=\" flaticon-phone-ringing\"><\/i>\t               <\/div>\r\n\t\t\t\t\t\t\t\t\t\t<div class=\"ib-content\">\r\n\t\t\t\t\t\t\t\t\t\t\t\t\t<h3 class=\"title\">Une question? Appeler notre service au <\/h3>\r\n\t\t\t\t\t\t\t\t\t\t\t\t\t\t\t\t\t\t\t<div class=\"desc\"> 04.71.00.49.11<\/div>\r\n\t\t\t\t\t\t\t\t\t\t\t<\/div>\r\n\t\t\t\t<\/div>\r\n\t\t\t<\/div>\r\n\r\n\t\t\t\t\t  <a href=\"https:\/\/gaviaspreview.com\/wp\/tevily\/tours-page\/\" class=\"link-overlay\"><\/a>\r\n\t\t  \t\t<\/div>\r\n\t  \r\n\t \r\n\r\n\t \r\n\r\n\t\r\n \r\n\r\n  \r\n\r\n \r\n\r\n <\/div>\t\t\t\t<\/div>\n\t\t\t\t<\/div>\n\t\t\t\t\t<\/div>\n\t\t<\/div>\n\t\t\t\t<div class=\"elementor-column elementor-col-50 elementor-top-column elementor-element elementor-element-de6d2e2\" data-id=\"de6d2e2\" data-element_type=\"column\">\n\t\t\t<div class=\"elementor-widget-wrap elementor-element-populated\">\n\t\t\t\t\t\t<div class=\"elementor-element elementor-element-60f99214 animated-fast elementor-invisible elementor-widget elementor-widget-gva-heading-block\" data-id=\"60f99214\" data-element_type=\"widget\" data-settings=\"{&quot;_animation&quot;:&quot;fadeInUp&quot;}\" data-widget_type=\"gva-heading-block.default\">\n\t\t\t\t<div class=\"elementor-widget-container\">\n\t\t\t\t\t<div class=\"gva-element-gva-heading-block gva-element\">   <div class=\"align-left style-1 widget gsc-heading box-align-left auto-responsive\">\r\n      <div class=\"content-inner\">\r\n         \r\n                  \r\n                     <div class=\"sub-title\"><span>Apprenez \u00e0 nous conna\u00eetre<\/span><\/div>\r\n           \r\n         \r\n                     <h2 class=\"title\">\r\n               <span>Pr\u00e9parez votre prochain voyage en toute s\u00e9r\u00e9nit\u00e9 avec Berger Voyages <\/span>\r\n            <\/h2>\r\n                              <div class=\"title-desc\">Planifiez d\u00e8s aujourd\u2019hui votre voyage avec Berger Voyages, sp\u00e9cialiste des s\u00e9jours sur-mesure et des escapades en groupe au d\u00e9part de la Haute-Loire et de ses environs. Profitez de notre savoir-faire pour des aventures inoubliables \u00e0 travers la France et l\u2019Europe.<\/div>\r\n         \r\n         \r\n      <\/div>\r\n   <\/div>\r\n<\/div>\t\t\t\t<\/div>\n\t\t\t\t<\/div>\n\t\t\t\t<div class=\"elementor-element elementor-element-46e26c64 animated-fast elementor-align-left elementor-icon-list--layout-traditional elementor-list-item-link-full_width elementor-invisible elementor-widget elementor-widget-icon-list\" data-id=\"46e26c64\" data-element_type=\"widget\" data-settings=\"{&quot;_animation&quot;:&quot;fadeInUp&quot;}\" data-widget_type=\"icon-list.default\">\n\t\t\t\t<div class=\"elementor-widget-container\">\n\t\t\t\t\t\t\t<ul class=\"elementor-icon-list-items\">\n\t\t\t\t\t\t\t<li class=\"elementor-icon-list-item\">\n\t\t\t\t\t\t\t\t\t\t\t<span class=\"elementor-icon-list-icon\">\n\t\t\t\t\t\t\t<i aria-hidden=\"true\" class=\"fas fa-check-circle\"><\/i>\t\t\t\t\t\t<\/span>\n\t\t\t\t\t\t\t\t\t\t<span class=\"elementor-icon-list-text\">Voyagez l\u2019esprit tranquille : Transport s\u00e9curis\u00e9 en autocar grand confort avec chauffeurs exp\u00e9riment\u00e9s.<\/span>\n\t\t\t\t\t\t\t\t\t<\/li>\n\t\t\t\t\t\t\t\t<li class=\"elementor-icon-list-item\">\n\t\t\t\t\t\t\t\t\t\t\t<span class=\"elementor-icon-list-icon\">\n\t\t\t\t\t\t\t<i aria-hidden=\"true\" class=\"fas fa-check-circle\"><\/i>\t\t\t\t\t\t<\/span>\n\t\t\t\t\t\t\t\t\t\t<span class=\"elementor-icon-list-text\">Des destinations vari\u00e9es : Circuits en Europe, s\u00e9jours en bord de mer, voyages culturels ou escapades nature.<\/span>\n\t\t\t\t\t\t\t\t\t<\/li>\n\t\t\t\t\t\t\t\t<li class=\"elementor-icon-list-item\">\n\t\t\t\t\t\t\t\t\t\t\t<span class=\"elementor-icon-list-icon\">\n\t\t\t\t\t\t\t<i aria-hidden=\"true\" class=\"fas fa-check-circle\"><\/i>\t\t\t\t\t\t<\/span>\n\t\t\t\t\t\t\t\t\t\t<span class=\"elementor-icon-list-text\">Accompagnement personnalis\u00e9 : Une \u00e9quipe locale \u00e0 votre \u00e9coute pour concevoir des s\u00e9jours adapt\u00e9s \u00e0 toutes vos envies.<\/span>\n\t\t\t\t\t\t\t\t\t<\/li>\n\t\t\t\t\t\t\t\t<li class=\"elementor-icon-list-item\">\n\t\t\t\t\t\t\t\t\t\t<span class=\"elementor-icon-list-text\">T\u00e9l\u00e9chargez notre brochure 2025 pour d\u00e9couvrir toutes nos offres.\ud83d\udc47<\/span>\n\t\t\t\t\t\t\t\t\t<\/li>\n\t\t\t\t\t\t<\/ul>\n\t\t\t\t\t\t<\/div>\n\t\t\t\t<\/div>\n\t\t\t\t<div class=\"elementor-element elementor-element-3cde7b78 elementor-align-left animated-fast elementor-invisible elementor-widget elementor-widget-button\" data-id=\"3cde7b78\" data-element_type=\"widget\" data-settings=\"{&quot;_animation&quot;:&quot;fadeInRight&quot;}\" data-widget_type=\"button.default\">\n\t\t\t\t<div class=\"elementor-widget-container\">\n\t\t\t\t\t\t\t\t\t<div class=\"elementor-button-wrapper\">\n\t\t\t\t\t<a class=\"elementor-button elementor-button-link elementor-size-sm\" href=\"#elementor-action%3Aaction%3Dpopup%3Aopen%26settings%3DeyJpZCI6IjEyMzUiLCJ0b2dnbGUiOmZhbHNlfQ%3D%3D\">\n\t\t\t\t\t\t<span class=\"elementor-button-content-wrapper\">\n\t\t\t\t\t\t\t\t\t<span class=\"elementor-button-text\">\ud83c\udfe0 RECEVOIR MA BROCHURE<\/span>\n\t\t\t\t\t<\/span>\n\t\t\t\t\t<\/a>\n\t\t\t\t<\/div>\n\t\t\t\t\t\t\t\t<\/div>\n\t\t\t\t<\/div>\n\t\t\t\t\t<\/div>\n\t\t<\/div>\n\t\t\t\t\t<\/div>\n\t\t<\/section>\n\t\t\t\t<\/div>\n\t\t","protected":false},"excerpt":{"rendered":"<p>Destination Berger voyages Points de prise en charge Haute-Loire &#038; Puy de d\u00f4me Pour tous les voyages, les d\u00e9parts sont assur\u00e9s de : D\u00e9parts assur\u00e9s syst\u00e9matiquement : Saint-Paulien \u2013 garage Berger Le Puy-en-Velay \u2013 place Michelet Vals pr\u00e8s le Puy \u2013 parking Centre Culturel Ambert \u2013 gare SNCF D\u00e9parts en fonction du parcours du voyage : Brioude \u2013 rond-point Lamothe Yssingeaux \u2013 Super U (Pompes \u00e0 essence) Monistrol-sur-Loire \u2013 aire de covoiturage du Mazel Saint-Etienne \u2013 rond-point Quick 100% Decouverte Une question? Appeler notre service au 04.71.00.49.11 T\u00e9l\u00e9charger notre brochure 100% Decouverte Une question? Appeler notre service au 04.71.00.49.11 Berger voyages Points de prise en charge hors d\u00e9partement R\u00e9f\u00e9rez-vous au code couleur indiqu\u00e9 sur chaque voyage pour conna\u00eetre l\u2019itin\u00e9raire qu\u2019empruntera l\u2019autocar. LYON (p\u00e9riph\u00e9rie) : \u00c0 partir de +55\u20ac SAINT-ETIENNE (Rond-Point Quick Cours Fauriel) : \u00c0 partir de +35\u20ac CLERMONT-FERRAND (Gare SNCF) : \u00c0 partir de + 55\u20ac \/ THIERS (Parking CARREFOUR) + 55\u20ac MENDE (Aire Covoiturage de Banassac) : \u00c0 partir de + 50\u20ac qui n\u00e9cessite un minimum de 10 participants. Nous pouvons \u00e9tudier toute autre demande de prise en charge selon le nombre de participants 100% Decouverte Une question? Appeler notre service au 04.71.00.49.11 Apprenez \u00e0 nous conna\u00eetre Pr\u00e9parez votre prochain voyage en toute s\u00e9r\u00e9nit\u00e9 avec Berger Voyages Planifiez d\u00e8s aujourd\u2019hui votre voyage avec Berger Voyages, sp\u00e9cialiste des s\u00e9jours sur-mesure et des escapades en groupe au d\u00e9part de la Haute-Loire et de ses environs. Profitez de notre savoir-faire pour des aventures inoubliables \u00e0 travers la France et l\u2019Europe. Voyagez l\u2019esprit tranquille : Transport s\u00e9curis\u00e9 en autocar grand confort avec chauffeurs exp\u00e9riment\u00e9s. Des destinations vari\u00e9es : Circuits en Europe, s\u00e9jours en bord de mer, voyages culturels ou escapades nature. Accompagnement personnalis\u00e9 : Une \u00e9quipe locale \u00e0 votre \u00e9coute pour concevoir des s\u00e9jours adapt\u00e9s \u00e0 toutes vos envies. T\u00e9l\u00e9chargez notre brochure 2025 pour d\u00e9couvrir toutes nos offres.\ud83d\udc47 \ud83c\udfe0 RECEVOIR MA BROCHURE<\/p>\n","protected":false},"author":1,"featured_media":0,"parent":0,"menu_order":0,"comment_status":"closed","ping_status":"closed","template":"elementor_theme","meta":{"footnotes":""},"class_list":["post-2160","page","type-page","status-publish","hentry"],"_links":{"self":[{"href":"https:\/\/www.friendly-ellis.212-227-170-25.plesk.page\/index.php\/wp-json\/wp\/v2\/pages\/2160","targetHints":{"allow":["GET"]}}],"collection":[{"href":"https:\/\/www.friendly-ellis.212-227-170-25.plesk.page\/index.php\/wp-json\/wp\/v2\/pages"}],"about":[{"href":"https:\/\/www.friendly-ellis.212-227-170-25.plesk.page\/index.php\/wp-json\/wp\/v2\/types\/page"}],"author":[{"embeddable":true,"href":"https:\/\/www.friendly-ellis.212-227-170-25.plesk.page\/index.php\/wp-json\/wp\/v2\/users\/1"}],"replies":[{"embeddable":true,"href":"https:\/\/www.friendly-ellis.212-227-170-25.plesk.page\/index.php\/wp-json\/wp\/v2\/comments?post=2160"}],"version-history":[{"count":19,"href":"https:\/\/www.friendly-ellis.212-227-170-25.plesk.page\/index.php\/wp-json\/wp\/v2\/pages\/2160\/revisions"}],"predecessor-version":[{"id":13752,"href":"https:\/\/www.friendly-ellis.212-227-170-25.plesk.page\/index.php\/wp-json\/wp\/v2\/pages\/2160\/revisions\/13752"}],"wp:attachment":[{"href":"https:\/\/www.friendly-ellis.212-227-170-25.plesk.page\/index.php\/wp-json\/wp\/v2\/media?parent=2160"}],"curies":[{"name":"wp","href":"https:\/\/api.w.org\/{rel}","templated":true}]}}