{"id":1071,"date":"2020-12-08T03:53:12","date_gmt":"2020-12-08T03:53:12","guid":{"rendered":"https:\/\/gaviaspreview.com\/wp\/tevily\/?page_id=21"},"modified":"2025-08-06T09:29:34","modified_gmt":"2025-08-06T09:29:34","slug":"carte_cadeau","status":"publish","type":"page","link":"https:\/\/www.friendly-ellis.212-227-170-25.plesk.page\/index.php\/carte_cadeau\/","title":{"rendered":"Carte cadeau"},"content":{"rendered":"\t\t<div data-elementor-type=\"wp-page\" data-elementor-id=\"1071\" class=\"elementor elementor-1071\" data-elementor-post-type=\"page\">\n\t\t\t\t\t\t<section class=\"elementor-section elementor-top-section elementor-element elementor-element-027b947 elementor-section-full_width elementor-section-height-default elementor-section-height-default row-top wpr-particle-no wpr-jarallax-no wpr-parallax-no wpr-sticky-section-no\" data-id=\"027b947\" data-element_type=\"section\">\n\t\t\t\t\t\t<div class=\"elementor-container elementor-column-gap-default\">\n\t\t\t\t\t<div class=\"elementor-column elementor-col-100 elementor-top-column elementor-element elementor-element-d0bf791\" data-id=\"d0bf791\" data-element_type=\"column\">\n\t\t\t<div class=\"elementor-widget-wrap elementor-element-populated\">\n\t\t\t\t\t\t<div class=\"elementor-element elementor-element-41e2072 elementor-widget elementor-widget-gva_post_breadcrumb\" data-id=\"41e2072\" data-element_type=\"widget\" data-widget_type=\"gva_post_breadcrumb.default\">\n\t\t\t\t<div class=\"elementor-widget-container\">\n\t\t\t\t\t<div class=\"gva-element-gva_post_breadcrumb gva-element\">   \r\n<div class=\"post-breadcrumb\">\r\n   <div class=\"custom-breadcrumb \" >\r\n            <div class=\"breadcrumb-main\">\r\n        <div class=\"container\">\r\n          <div class=\"breadcrumb-container-inner\">\r\n            <h2 class=\"heading-title\">Carte cadeau<\/h2><ol class=\"breadcrumb\"><li><a href=\"https:\/\/www.friendly-ellis.212-227-170-25.plesk.page\">Home<\/a> <\/li> <li class=\"active\">Page<\/li><\/ol>          <\/div>  \r\n        <\/div>   \r\n      <\/div>  \r\n   <\/div>\r\n<\/div>      \r\n\r\n<\/div>\t\t\t\t<\/div>\n\t\t\t\t<\/div>\n\t\t\t\t\t<\/div>\n\t\t<\/div>\n\t\t\t\t\t<\/div>\n\t\t<\/section>\n\t\t<div class=\"elementor-element elementor-element-ddfcae3 e-flex e-con-boxed wpr-particle-no wpr-jarallax-no wpr-parallax-no wpr-sticky-section-no e-con e-parent\" data-id=\"ddfcae3\" data-element_type=\"container\">\n\t\t\t\t\t<div class=\"e-con-inner\">\n\t\t<div class=\"elementor-element elementor-element-2b52413 e-con-full e-flex wpr-particle-no wpr-jarallax-no wpr-parallax-no wpr-sticky-section-no e-con e-child\" data-id=\"2b52413\" data-element_type=\"container\">\n\t\t\t\t<div class=\"elementor-element elementor-element-07f7bfe elementor-widget elementor-widget-image\" data-id=\"07f7bfe\" data-element_type=\"widget\" data-widget_type=\"image.default\">\n\t\t\t\t<div class=\"elementor-widget-container\">\n\t\t\t\t\t\t\t\t\t\t\t\t\t\t\t<img fetchpriority=\"high\" decoding=\"async\" width=\"800\" height=\"880\" src=\"https:\/\/www.friendly-ellis.212-227-170-25.plesk.page\/wp-content\/uploads\/2021\/10\/image-13.jpg\" class=\"attachment-full size-full wp-image-1027\" alt=\"\" srcset=\"https:\/\/www.friendly-ellis.212-227-170-25.plesk.page\/wp-content\/uploads\/2021\/10\/image-13.jpg 800w, https:\/\/www.friendly-ellis.212-227-170-25.plesk.page\/wp-content\/uploads\/2021\/10\/image-13-768x845.jpg 768w\" sizes=\"(max-width: 800px) 100vw, 800px\" \/>\t\t\t\t\t\t\t\t\t\t\t\t\t\t\t<\/div>\n\t\t\t\t<\/div>\n\t\t\t\t<\/div>\n\t\t<div class=\"elementor-element elementor-element-ebbc698 e-con-full e-flex wpr-particle-no wpr-jarallax-no wpr-parallax-no wpr-sticky-section-no e-con e-child\" data-id=\"ebbc698\" data-element_type=\"container\">\n\t\t\t\t<div class=\"elementor-element elementor-element-617b9b1 elementor-widget elementor-widget-gva-heading-block\" data-id=\"617b9b1\" data-element_type=\"widget\" data-widget_type=\"gva-heading-block.default\">\n\t\t\t\t<div class=\"elementor-widget-container\">\n\t\t\t\t\t<div class=\"gva-element-gva-heading-block gva-element\">   <div class=\"align-left style-1 widget gsc-heading box-align-left auto-responsive\">\r\n      <div class=\"content-inner\">\r\n         \r\n                  \r\n                     <div class=\"sub-title\"><span>Carte cadeau berger voyages <\/span><\/div>\r\n           \r\n         \r\n                     <h2 class=\"title\">\r\n               <span>Offrir un BON-CADEAU<\/span>\r\n            <\/h2>\r\n                              <div class=\"title-desc\">Personnalisez votre Carte-Cadeau en fonction de votre budget\u00a0et laissez le\nd\u00e9tenteur l\u2019utiliser en toute simplicit\u00e9, en fonction de ses disponibilit\u00e9s et coups\nde C\u0153ur<\/div>\r\n         \r\n         \r\n      <\/div>\r\n   <\/div>\r\n<\/div>\t\t\t\t<\/div>\n\t\t\t\t<\/div>\n\t\t\t\t<\/div>\n\t\t\t\t\t<\/div>\n\t\t\t\t<\/div>\n\t\t\t\t<section class=\"elementor-section elementor-top-section elementor-element elementor-element-b74e401 bg-row-theme elementor-section-boxed elementor-section-height-default elementor-section-height-default row-top wpr-particle-no wpr-jarallax-no wpr-parallax-no wpr-sticky-section-no\" data-id=\"b74e401\" data-element_type=\"section\" data-settings=\"{&quot;background_background&quot;:&quot;classic&quot;}\">\n\t\t\t\t\t\t<div class=\"elementor-container elementor-column-gap-default\">\n\t\t\t\t\t<div class=\"elementor-column elementor-col-50 elementor-top-column elementor-element elementor-element-8bfc06c\" data-id=\"8bfc06c\" data-element_type=\"column\">\n\t\t\t<div class=\"elementor-widget-wrap elementor-element-populated\">\n\t\t\t\t\t\t<div class=\"elementor-element elementor-element-c3d005f elementor-widget elementor-widget-gva-heading-block\" data-id=\"c3d005f\" data-element_type=\"widget\" data-widget_type=\"gva-heading-block.default\">\n\t\t\t\t<div class=\"elementor-widget-container\">\n\t\t\t\t\t<div class=\"gva-element-gva-heading-block gva-element\">   <div class=\"align-left style-1 widget gsc-heading box-align-left auto-responsive\">\r\n      <div class=\"content-inner\">\r\n         \r\n                  \r\n                     <div class=\"sub-title\"><span>Les avantages d&#039;une carte cadeau voyage :<\/span><\/div>\r\n           \r\n         \r\n                     <h2 class=\"title\">\r\n               <span>offrir du r\u00eave et du bonheur sans contrainte !<\/span>\r\n            <\/h2>\r\n                  \r\n         \r\n      <\/div>\r\n   <\/div>\r\n<\/div>\t\t\t\t<\/div>\n\t\t\t\t<\/div>\n\t\t\t\t\t<\/div>\n\t\t<\/div>\n\t\t\t\t<div class=\"elementor-column elementor-col-50 elementor-top-column elementor-element elementor-element-7263e67\" data-id=\"7263e67\" data-element_type=\"column\">\n\t\t\t<div class=\"elementor-widget-wrap elementor-element-populated\">\n\t\t\t\t\t\t<div class=\"elementor-element elementor-element-a626c42 elementor-widget__width-auto elementor-widget elementor-widget-html\" data-id=\"a626c42\" data-element_type=\"widget\" data-widget_type=\"html.default\">\n\t\t\t\t<div class=\"elementor-widget-container\">\n\t\t\t\t\t<a class=\"btn-black btn-medium\" href=\"https:\/\/www.friendly-ellis.212-227-170-25.plesk.page\/index.php\/product\/default_gift_this_product\/\">\n    Offrir une carte cadeau\n<\/a>\t\t\t\t<\/div>\n\t\t\t\t<\/div>\n\t\t\t\t\t<\/div>\n\t\t<\/div>\n\t\t\t\t\t<\/div>\n\t\t<\/section>\n\t\t<div class=\"elementor-element elementor-element-7d286754 e-flex e-con-boxed wpr-particle-no wpr-jarallax-no wpr-parallax-no wpr-sticky-section-no e-con e-parent\" data-id=\"7d286754\" data-element_type=\"container\" data-settings=\"{&quot;background_background&quot;:&quot;classic&quot;}\">\n\t\t\t\t\t<div class=\"e-con-inner\">\n\t\t\t\t<div class=\"elementor-element elementor-element-40c92b12 elementor-widget elementor-widget-elementskit-heading\" data-id=\"40c92b12\" data-element_type=\"widget\" data-widget_type=\"elementskit-heading.default\">\n\t\t\t\t<div class=\"elementor-widget-container\">\n\t\t\t\t\t<div class=\"ekit-wid-con\" ><div class=\"ekit-heading elementskit-section-title-wraper text_center   ekit_heading_tablet-   ekit_heading_mobile-\">\t\t\t\t<span class='ekit-heading__shadow-text'>\n\t\t\t\t\tBerger voyages\t\t\t\t<\/span>\n\t\t\t<h2 class=\"elementskit-section-subtitle   ekit-heading__subtitle-has-border\">\n\t\t\t\t\t\tBerger voyage \n\t\t\t\t\t<\/h2><h2 class=\"ekit-heading--title elementskit-section-title text_fill\"><span> Offrir un BON-CADEAU <\/span><\/span><\/h2><\/div><\/div>\t\t\t\t<\/div>\n\t\t\t\t<\/div>\n\t\t<div class=\"elementor-element elementor-element-33541be3 e-con-full e-grid wpr-particle-no wpr-jarallax-no wpr-parallax-no wpr-sticky-section-no e-con e-child\" data-id=\"33541be3\" data-element_type=\"container\">\n\t\t\t\t<div class=\"elementor-element elementor-element-1cd8d9e1 ekit-equal-height-disable elementor-widget elementor-widget-elementskit-icon-box\" data-id=\"1cd8d9e1\" data-element_type=\"widget\" data-widget_type=\"elementskit-icon-box.default\">\n\t\t\t\t<div class=\"elementor-widget-container\">\n\t\t\t\t\t<div class=\"ekit-wid-con\" >        <!-- link opening -->\n                <a href=\"#\" class=\"ekit_global_links\">\n                <!-- end link opening -->\n\n        <div class=\"elementskit-infobox text-left text-left icon-lef-right-aligin elementor-animation- media  \">\n                    <div class=\"elementskit-box-header elementor-animation-\">\n                <div class=\"elementskit-info-box-icon  text-center\">\n                    \n                <\/div>\n          <\/div>\n                        <div class=\"box-body\">\n                            <h3 class=\"elementskit-info-box-title\">\n                    Id\u00e9ale pour toutes les occasions \ud83c\udf89                 <\/h3>\n                        \t\t  \t<p>Anniversaires, mariages, f\u00eates, d\u00e9part en retraite\u2026 Un cadeau toujours appr\u00e9ci\u00e9.<\/p>\n                                <\/div>\n        \n        \n                <\/div>\n                <\/a>\n        <\/div>\t\t\t\t<\/div>\n\t\t\t\t<\/div>\n\t\t\t\t<div class=\"elementor-element elementor-element-4c338c8e ekit-equal-height-disable elementor-widget elementor-widget-elementskit-icon-box\" data-id=\"4c338c8e\" data-element_type=\"widget\" data-widget_type=\"elementskit-icon-box.default\">\n\t\t\t\t<div class=\"elementor-widget-container\">\n\t\t\t\t\t<div class=\"ekit-wid-con\" >        <!-- link opening -->\n                <a href=\"#\" class=\"ekit_global_links\">\n                <!-- end link opening -->\n\n        <div class=\"elementskit-infobox text-left text-left icon-lef-right-aligin elementor-animation- media  \">\n                    <div class=\"elementskit-box-header elementor-animation-\">\n                <div class=\"elementskit-info-box-icon  text-center\">\n                    \n                <\/div>\n          <\/div>\n                        <div class=\"box-body\">\n                            <h3 class=\"elementskit-info-box-title\">\n                    Libert\u00e9 de choix \ud83c\udf0d                <\/h3>\n                        \t\t  \t<p>Id\u00e9al pour offrir un voyage sans imposer un lieu pr\u00e9cis. Le b\u00e9n\u00e9ficiaire s\u00e9lectionne ainsi \u00ab sa \u00bb destination id\u00e9ale et les dates qui lui conviennent parmi un l\narge panel. La garantie de faire plaisir sans se tromper !\n<\/p>\n                                <\/div>\n        \n        \n                <\/div>\n                <\/a>\n        <\/div>\t\t\t\t<\/div>\n\t\t\t\t<\/div>\n\t\t\t\t<div class=\"elementor-element elementor-element-69c9aef9 ekit-equal-height-disable elementor-widget elementor-widget-elementskit-icon-box\" data-id=\"69c9aef9\" data-element_type=\"widget\" data-widget_type=\"elementskit-icon-box.default\">\n\t\t\t\t<div class=\"elementor-widget-container\">\n\t\t\t\t\t<div class=\"ekit-wid-con\" >        <!-- link opening -->\n                <!-- end link opening -->\n\n        <div class=\"elementskit-infobox text-left text-left icon-lef-right-aligin elementor-animation- media  \">\n                    <div class=\"elementskit-box-header elementor-animation-\">\n                <div class=\"elementskit-info-box-icon  text-center\">\n                    \n                <\/div>\n          <\/div>\n                        <div class=\"box-body\">\n                            <h3 class=\"elementskit-info-box-title\">\n                    Accessibilit\u00e9 \u00e0 toutes les prestations \ud83d\uddfa\ufe0f                <\/h3>\n                        \t\t  \t<p>Que ce soit pour un s\u00e9jour d\u00e9tente, une aventure ou une escapade culturelle, la carte cadeau s\u2019adapte \u00e0 tous les go\u00fbts et envies. Utilisable sur une gamme compl\u00e8te de prestations : journ\u00e9es, spectacles, week-ends, s\u00e9jours ou circuits France et Etranger\u2026 Un cadeau sur-mesure !\n\n<\/p>\n                                <\/div>\n        \n        \n                <\/div>\n        <\/div>\t\t\t\t<\/div>\n\t\t\t\t<\/div>\n\t\t\t\t<div class=\"elementor-element elementor-element-854f5f7 ekit-equal-height-disable elementor-widget elementor-widget-elementskit-icon-box\" data-id=\"854f5f7\" data-element_type=\"widget\" data-widget_type=\"elementskit-icon-box.default\">\n\t\t\t\t<div class=\"elementor-widget-container\">\n\t\t\t\t\t<div class=\"ekit-wid-con\" >        <!-- link opening -->\n                <a href=\"#\" class=\"ekit_global_links\">\n                <!-- end link opening -->\n\n        <div class=\"elementskit-infobox text-left text-left icon-lef-right-aligin elementor-animation- media  \">\n                    <div class=\"elementskit-box-header elementor-animation-\">\n                <div class=\"elementskit-info-box-icon  text-center\">\n                    \n                <\/div>\n          <\/div>\n                        <div class=\"box-body\">\n                            <h3 class=\"elementskit-info-box-title\">\n                    Un budget flexible \ud83d\udcb3                 <\/h3>\n                        \t\t  \t<p>Vous d\u00e9cidez du montant \u00e0 offrir, selon vos possibilit\u00e9s et le b\u00e9n\u00e9ficiaire pourra ajouter sa propre contribution et compl\u00e9ter cette somme au gr\u00e9 de ses envies.<\/p>\n                                <\/div>\n        \n        \n                <\/div>\n                <\/a>\n        <\/div>\t\t\t\t<\/div>\n\t\t\t\t<\/div>\n\t\t\t\t<div class=\"elementor-element elementor-element-14d1256a ekit-equal-height-disable elementor-widget elementor-widget-elementskit-icon-box\" data-id=\"14d1256a\" data-element_type=\"widget\" data-widget_type=\"elementskit-icon-box.default\">\n\t\t\t\t<div class=\"elementor-widget-container\">\n\t\t\t\t\t<div class=\"ekit-wid-con\" >        <!-- link opening -->\n                <a href=\"#\" class=\"ekit_global_links\">\n                <!-- end link opening -->\n\n        <div class=\"elementskit-infobox text-left text-left icon-lef-right-aligin elementor-animation- media  \">\n                    <div class=\"elementskit-box-header elementor-animation-\">\n                <div class=\"elementskit-info-box-icon  text-center\">\n                    \n                <\/div>\n          <\/div>\n                        <div class=\"box-body\">\n                            <h3 class=\"elementskit-info-box-title\">\n                    Une souplesse d\u2019utilisation et d\u2019organisation                 <\/h3>\n                        \t\t  \t<p>Valable pendant plusieurs mois, la carte cadeau s\u2019adapte aux projets de voyage de vos proches, quand ils sont pr\u00eats.<\/p>\n                                <\/div>\n        \n        \n                <\/div>\n                <\/a>\n        <\/div>\t\t\t\t<\/div>\n\t\t\t\t<\/div>\n\t\t\t\t<div class=\"elementor-element elementor-element-0f67342 ekit-equal-height-disable elementor-widget elementor-widget-elementskit-icon-box\" data-id=\"0f67342\" data-element_type=\"widget\" data-widget_type=\"elementskit-icon-box.default\">\n\t\t\t\t<div class=\"elementor-widget-container\">\n\t\t\t\t\t<div class=\"ekit-wid-con\" >        <!-- link opening -->\n                <!-- end link opening -->\n\n        <div class=\"elementskit-infobox text-left text-left icon-lef-right-aligin elementor-animation- media  \">\n                    <div class=\"elementskit-box-header elementor-animation-\">\n                <div class=\"elementskit-info-box-icon  text-center\">\n                    <i aria-hidden=\"true\" class=\"elementkit-infobox-icon icon icon-gift11\"><\/i>\n                <\/div>\n          <\/div>\n                        <div class=\"box-body\">\n                            <h3 class=\"elementskit-info-box-title\">\n                    Pas de stress, juste du plaisir \ud83c\udf1f                <\/h3>\n                        \t\t  \t<p>Le b\u00e9n\u00e9ficiaire g\u00e8re la r\u00e9servation \u00e0 son rythme, sans aucune contrainte, pour un voyage sur-mesure.<\/p>\n                                <\/div>\n        \n        \n                <\/div>\n        <\/div>\t\t\t\t<\/div>\n\t\t\t\t<\/div>\n\t\t\t\t<div class=\"elementor-element elementor-element-c00afd0 ekit-equal-height-disable elementor-widget elementor-widget-elementskit-icon-box\" data-id=\"c00afd0\" data-element_type=\"widget\" data-widget_type=\"elementskit-icon-box.default\">\n\t\t\t\t<div class=\"elementor-widget-container\">\n\t\t\t\t\t<div class=\"ekit-wid-con\" >        <!-- link opening -->\n                <!-- end link opening -->\n\n        <div class=\"elementskit-infobox text-left text-left icon-lef-right-aligin elementor-animation- media  \">\n                    <div class=\"elementskit-box-header elementor-animation-\">\n                <div class=\"elementskit-info-box-icon  text-center\">\n                    <i aria-hidden=\"true\" class=\"elementkit-infobox-icon icon icon-gift11\"><\/i>\n                <\/div>\n          <\/div>\n                        <div class=\"box-body\">\n                            <h3 class=\"elementskit-info-box-title\">\n                    Des souvenirs inoubliables \u2728                <\/h3>\n                        \t\t  \t<p>Plut\u00f4t qu\u2019un objet, offrez une exp\u00e9rience qui marquera \u00e0 jamais leur m\u00e9moire.<\/p>\n                                <\/div>\n        \n        \n                <\/div>\n        <\/div>\t\t\t\t<\/div>\n\t\t\t\t<\/div>\n\t\t\t\t<div class=\"elementor-element elementor-element-7a788655 ekit-equal-height-disable elementor-widget elementor-widget-elementskit-icon-box\" data-id=\"7a788655\" data-element_type=\"widget\" data-widget_type=\"elementskit-icon-box.default\">\n\t\t\t\t<div class=\"elementor-widget-container\">\n\t\t\t\t\t<div class=\"ekit-wid-con\" >        <!-- link opening -->\n                <!-- end link opening -->\n\n        <div class=\"elementskit-infobox text-left text-left icon-lef-right-aligin elementor-animation- media  \">\n                    <div class=\"elementskit-box-header elementor-animation-\">\n                <div class=\"elementskit-info-box-icon  text-center\">\n                    <i aria-hidden=\"true\" class=\"elementkit-infobox-icon icon icon-gift11\"><\/i>\n                <\/div>\n          <\/div>\n                        <div class=\"box-body\">\n                            <h3 class=\"elementskit-info-box-title\">\n                     Pas de stress, juste du plaisir \ud83c\udf1f                <\/h3>\n                        \t\t  \t<p>Le b\u00e9n\u00e9ficiaire g\u00e8re la r\u00e9servation \u00e0 son rythme, sans aucune contrainte, pour un voyage sur-mesure.<\/p>\n                                <\/div>\n        \n        \n                <\/div>\n        <\/div>\t\t\t\t<\/div>\n\t\t\t\t<\/div>\n\t\t\t\t<\/div>\n\t\t<div class=\"elementor-element elementor-element-8012317 e-con-full e-flex wpr-particle-no wpr-jarallax-no wpr-parallax-no wpr-sticky-section-no e-con e-child\" data-id=\"8012317\" data-element_type=\"container\">\n\t\t\t\t<div class=\"elementor-element elementor-element-38c92ff elementor-button-success elementor-align-center elementor-widget__width-auto elementor-widget elementor-widget-button\" data-id=\"38c92ff\" data-element_type=\"widget\" data-widget_type=\"button.default\">\n\t\t\t\t<div class=\"elementor-widget-container\">\n\t\t\t\t\t\t\t\t\t<div class=\"elementor-button-wrapper\">\n\t\t\t\t\t<a class=\"elementor-button elementor-button-link elementor-size-sm\" href=\"https:\/\/www.friendly-ellis.212-227-170-25.plesk.page\/index.php\/product\/default_gift_this_product\/\">\n\t\t\t\t\t\t<span class=\"elementor-button-content-wrapper\">\n\t\t\t\t\t\t\t\t\t<span class=\"elementor-button-text\"> Offrir une carte cadeau<\/span>\n\t\t\t\t\t<\/span>\n\t\t\t\t\t<\/a>\n\t\t\t\t<\/div>\n\t\t\t\t\t\t\t\t<\/div>\n\t\t\t\t<\/div>\n\t\t\t\t<\/div>\n\t\t\t\t\t<\/div>\n\t\t\t\t<\/div>\n\t\t\t\t<\/div>\n\t\t","protected":false},"excerpt":{"rendered":"<p>Carte cadeau Home Page Carte cadeau berger voyages Offrir un BON-CADEAU Personnalisez votre Carte-Cadeau en fonction de votre budget\u00a0et laissez le d\u00e9tenteur l\u2019utiliser en toute simplicit\u00e9, en fonction de ses disponibilit\u00e9s et coups de C\u0153ur Les avantages d&#039;une carte cadeau voyage : offrir du r\u00eave et du bonheur sans contrainte ! Offrir une carte cadeau Berger voyages Berger voyage Offrir un BON-CADEAU Id\u00e9ale pour toutes les occasions \ud83c\udf89 Anniversaires, mariages, f\u00eates, d\u00e9part en retraite\u2026 Un cadeau toujours appr\u00e9ci\u00e9. Libert\u00e9 de choix \ud83c\udf0d Id\u00e9al pour offrir un voyage sans imposer un lieu pr\u00e9cis. Le b\u00e9n\u00e9ficiaire s\u00e9lectionne ainsi \u00ab sa \u00bb destination id\u00e9ale et les dates qui lui conviennent parmi un l arge panel. La garantie de faire plaisir sans se tromper ! Accessibilit\u00e9 \u00e0 toutes les prestations \ud83d\uddfa\ufe0f Que ce soit pour un s\u00e9jour d\u00e9tente, une aventure ou une escapade culturelle, la carte cadeau s\u2019adapte \u00e0 tous les go\u00fbts et envies. Utilisable sur une gamme compl\u00e8te de prestations : journ\u00e9es, spectacles, week-ends, s\u00e9jours ou circuits France et Etranger\u2026 Un cadeau sur-mesure ! Un budget flexible \ud83d\udcb3 Vous d\u00e9cidez du montant \u00e0 offrir, selon vos possibilit\u00e9s et le b\u00e9n\u00e9ficiaire pourra ajouter sa propre contribution et compl\u00e9ter cette somme au gr\u00e9 de ses envies. Une souplesse d\u2019utilisation et d\u2019organisation Valable pendant plusieurs mois, la carte cadeau s\u2019adapte aux projets de voyage de vos proches, quand ils sont pr\u00eats. Pas de stress, juste du plaisir \ud83c\udf1f Le b\u00e9n\u00e9ficiaire g\u00e8re la r\u00e9servation \u00e0 son rythme, sans aucune contrainte, pour un voyage sur-mesure. Des souvenirs inoubliables \u2728 Plut\u00f4t qu\u2019un objet, offrez une exp\u00e9rience qui marquera \u00e0 jamais leur m\u00e9moire. Pas de stress, juste du plaisir \ud83c\udf1f Le b\u00e9n\u00e9ficiaire g\u00e8re la r\u00e9servation \u00e0 son rythme, sans aucune contrainte, pour un voyage sur-mesure. Offrir une carte cadeau<\/p>\n","protected":false},"author":1,"featured_media":0,"parent":0,"menu_order":0,"comment_status":"closed","ping_status":"closed","template":"elementor_theme","meta":{"footnotes":""},"class_list":["post-1071","page","type-page","status-publish","hentry"],"_links":{"self":[{"href":"https:\/\/www.friendly-ellis.212-227-170-25.plesk.page\/index.php\/wp-json\/wp\/v2\/pages\/1071","targetHints":{"allow":["GET"]}}],"collection":[{"href":"https:\/\/www.friendly-ellis.212-227-170-25.plesk.page\/index.php\/wp-json\/wp\/v2\/pages"}],"about":[{"href":"https:\/\/www.friendly-ellis.212-227-170-25.plesk.page\/index.php\/wp-json\/wp\/v2\/types\/page"}],"author":[{"embeddable":true,"href":"https:\/\/www.friendly-ellis.212-227-170-25.plesk.page\/index.php\/wp-json\/wp\/v2\/users\/1"}],"replies":[{"embeddable":true,"href":"https:\/\/www.friendly-ellis.212-227-170-25.plesk.page\/index.php\/wp-json\/wp\/v2\/comments?post=1071"}],"version-history":[{"count":38,"href":"https:\/\/www.friendly-ellis.212-227-170-25.plesk.page\/index.php\/wp-json\/wp\/v2\/pages\/1071\/revisions"}],"predecessor-version":[{"id":13634,"href":"https:\/\/www.friendly-ellis.212-227-170-25.plesk.page\/index.php\/wp-json\/wp\/v2\/pages\/1071\/revisions\/13634"}],"wp:attachment":[{"href":"https:\/\/www.friendly-ellis.212-227-170-25.plesk.page\/index.php\/wp-json\/wp\/v2\/media?parent=1071"}],"curies":[{"name":"wp","href":"https:\/\/api.w.org\/{rel}","templated":true}]}}